{"id":284,"date":"2023-10-06T17:18:41","date_gmt":"2023-10-06T15:18:41","guid":{"rendered":"https:\/\/pampadata.com\/?page_id=284"},"modified":"2023-10-06T17:18:41","modified_gmt":"2023-10-06T15:18:41","slug":"full-remote-data-engineer","status":"publish","type":"page","link":"https:\/\/pampadata.com\/en\/full-remote-data-engineer\/","title":{"rendered":"FULL Remote &#8211; Data Engineer"},"content":{"rendered":"<h2 class=\"wp-block-heading\">Descripci\u00f3n<\/h2>\n\n\n\n<p>Estamos buscando un Data Engineer con al menos 3 a\u00f1os de experiencia. <\/p>\n\n\n\n<p>Funciones principales y descripci\u00f3n del proyecto: Se busca experto en Data Engineer con al menos 3 a\u00f1os de experiencia para unirse al equipo de Data Delivery en un cliente internacional. Se requiere experiencia con Azure y en programaci\u00f3n con python, as\u00ed como en Spark. Tambi\u00e9n ser\u00e1 imprescindible experiencia con Databriks y Data factory, y con SQL Server (creaci\u00f3n de tablas, \u00edndices, particiones, detectar duplicados, esquema estrella, etc.). <\/p>\n\n\n\n<p>&#8211; Experiencia en Business Intelligence: Data Warehouse, Reporting, Data Quality <\/p>\n\n\n\n<p>&#8211; Entendimiento de ETL &amp; ELT flows, SQL Server, Databricks, y procesos de Data Factory <\/p>\n\n\n\n<p>&#8211; Experiencia en Azure <\/p>\n\n\n\n<p>&#8211; Ingl\u00e9s alto deseable<\/p>\n\n\n\n<p><\/p>\n\n\n\n<p><\/p>\n\n\n\n<p>No dudes en enviarnos tu perfil, \u00a1estamos deseando conocerte!<\/p>","protected":false},"excerpt":{"rendered":"<p>Descripci\u00f3n Estamos buscando un Data Engineer con al menos 3 a\u00f1os de experiencia. Funciones principales y descripci\u00f3n del proyecto: Se busca experto en Data Engineer con al menos 3 a\u00f1os de experiencia para unirse al equipo de Data Delivery en un cliente internacional. Se requiere experiencia con Azure y en [&hellip;]<\/p>","protected":false},"author":1,"featured_media":0,"parent":0,"menu_order":0,"comment_status":"closed","ping_status":"closed","template":"","meta":{"om_disable_all_campaigns":false,"_monsterinsights_skip_tracking":false,"_monsterinsights_sitenote_active":false,"_monsterinsights_sitenote_note":"","_monsterinsights_sitenote_category":0,"_uf_show_specific_survey":0,"_uf_disable_surveys":false,"_ti_tpc_template_sync":false,"_ti_tpc_template_id":"","footnotes":""},"class_list":["post-284","page","type-page","status-publish","hentry"],"aioseo_notices":[],"_links":{"self":[{"href":"https:\/\/pampadata.com\/en\/wp-json\/wp\/v2\/pages\/284"}],"collection":[{"href":"https:\/\/pampadata.com\/en\/wp-json\/wp\/v2\/pages"}],"about":[{"href":"https:\/\/pampadata.com\/en\/wp-json\/wp\/v2\/types\/page"}],"author":[{"embeddable":true,"href":"https:\/\/pampadata.com\/en\/wp-json\/wp\/v2\/users\/1"}],"replies":[{"embeddable":true,"href":"https:\/\/pampadata.com\/en\/wp-json\/wp\/v2\/comments?post=284"}],"version-history":[{"count":1,"href":"https:\/\/pampadata.com\/en\/wp-json\/wp\/v2\/pages\/284\/revisions"}],"predecessor-version":[{"id":285,"href":"https:\/\/pampadata.com\/en\/wp-json\/wp\/v2\/pages\/284\/revisions\/285"}],"wp:attachment":[{"href":"https:\/\/pampadata.com\/en\/wp-json\/wp\/v2\/media?parent=284"}],"curies":[{"name":"wp","href":"https:\/\/api.w.org\/{rel}","templated":true}]}}