{"id":290,"date":"2023-10-06T17:30:20","date_gmt":"2023-10-06T15:30:20","guid":{"rendered":"https:\/\/pampadata.com\/?page_id=290"},"modified":"2023-10-06T17:31:05","modified_gmt":"2023-10-06T15:31:05","slug":"full-remote-data-analyst","status":"publish","type":"page","link":"https:\/\/pampadata.com\/en\/full-remote-data-analyst\/","title":{"rendered":"FULL REMOTE &#8211; Data Analyst"},"content":{"rendered":"<p>Estamos buscando un Sr Data Analyst &#8211; Business Insights con al menos 3 a\u00f1os de experiencia. <\/p>\n\n\n\n<h2 class=\"wp-block-heading\">Funciones principales y descripci\u00f3n del proyecto: <\/h2>\n\n\n\n<p>La misi\u00f3n del cargo es dar sentido a los datos y transformarlos en informaci\u00f3n \u00fatil para la toma de decisiones de las \u00e1reas de negocio. La persona deber\u00e1 ser capaz de recopilar, limpiar y analizar los datos, generando insights de valor a las \u00e1reas comerciales y de operaciones de la compa\u00f1\u00eda, apoy\u00e1ndose en la creaci\u00f3n de reportes y visualizaciones que faciliten la interacci\u00f3n con las \u00e1reas involucradas. Debe poder comunicar de manera efectiva sus hallazgos a quienes tomar\u00e1n las decisiones. La persona debe ser capaz de entender e interpretar las necesidades del cliente interno, y de detectar oportunidades y riesgos a trav\u00e9s del an\u00e1lisis de datos que impulsen la mejora de resultados y performance de los equipos de negocio. <\/p>\n\n\n\n<p><\/p>\n\n\n\n<h2 class=\"wp-block-heading\">FUNCIONES: <\/h2>\n\n\n\n<p>\u2022 Desarrollar an\u00e1lisis de datos complejos, aplicando distintas metodolog\u00edas matem\u00e1ticas y\/o estad\u00edsticas para recopilar, organizar, interpretar y resumir datos num\u00e9ricos para proporcionar informaci\u00f3n utilizable a las \u00e1reas de negocio. <\/p>\n\n\n\n<p>\u2022 Liderar informes y\/o entregables relacionados con datos relevantes para la toma de decisiones, as\u00ed como sus presentaciones a los equipos de negocio. <\/p>\n\n\n\n<p>\u2022 Apoyar al equipo de Business Insights en su desarrollo, proporcionando asistencia t\u00e9cnica y entendimiento entre los miembros sobre el uso eficaz de los datos y sus mejores pr\u00e1cticas. \u2022 Generaci\u00f3n de visualizaci\u00f3n e interpretaci\u00f3n de datos efectivas (dise\u00f1o de sistemas, tableros, gr\u00e1ficos de informaci\u00f3n, mapeo, herramientas de datos y B.I.). <\/p>\n\n\n\n<p>\u2022 Ser el focal en las mesas de trabajo con las \u00e1reas de negocio para mostrar resultados y avances, siendo capaz de priorizar y planificar el trabajo\/proyecto que est\u00e9 bajo su gesti\u00f3n. \u2022 Llevar a cabo investigaciones cualitativas y cuantitativas y utilizar enfoques de m\u00e9todos mixtos para el an\u00e1lisis de datos, seg\u00fan necesidades de negocio. REQUISITOS: <\/p>\n\n\n\n<p>\u2022 Tener m\u00ednimo 3-4 a\u00f1os de experiencia laboral previa como analista de negocio o analista de datos. <\/p>\n\n\n\n<p>\u2022 Formaci\u00f3n en t\u00e9cnologia. (Ingenieria, ciencia de la computaci\u00f3n, etc)<\/p>\n\n\n\n<p>\u2022 Alta capacidad anal\u00edtica y manejo en modelos de datos: s\u00f3lida experiencia en SQL, Python (deseable) y gesti\u00f3n de Big Data. <\/p>\n\n\n\n<p>\u2022 Buena capacidad de comunicaci\u00f3n e influencia para interactuar con varias \u00e1reas y stakeholders. <\/p>\n\n\n\n<p>\u2022 Pensamiento cr\u00edtico y habilidades de Problem Solving: capacidad de entender un problema, imaginar una soluci\u00f3n y estructurarla. <\/p>\n\n\n\n<p>\u2022 Habilidad estructurando la informaci\u00f3n, analiz\u00e1ndola y extrayendo datos seg\u00fan necesidades de negocio. <\/p>\n\n\n\n<p>\u2022 Se valorar\u00e1 experiencia en herramientas de visualizaci\u00f3n como Tableau, Power BI o similares. (Deber\u00e1 confeccionar Dashboards pero su principal tarea es analizar los datos y proponer ideas) <\/p>\n\n\n\n<p>\u2022 Experiencia y solvencia con lenguajes de consulta de datos (p. ej., SQL)<\/p>\n\n\n\n<p><\/p>\n\n\n\n<p><\/p>\n\n\n\n<p>No dudes en enviarnos tu perfil, \u00a1estamos deseando conocerte!<\/p>","protected":false},"excerpt":{"rendered":"<p>Estamos buscando un Sr Data Analyst &#8211; Business Insights con al menos 3 a\u00f1os de experiencia. Funciones principales y descripci\u00f3n del proyecto: La misi\u00f3n del cargo es dar sentido a los datos y transformarlos en informaci\u00f3n \u00fatil para la toma de decisiones de las \u00e1reas de negocio. La persona deber\u00e1 [&hellip;]<\/p>","protected":false},"author":1,"featured_media":0,"parent":0,"menu_order":0,"comment_status":"closed","ping_status":"closed","template":"","meta":{"om_disable_all_campaigns":false,"_monsterinsights_skip_tracking":false,"_monsterinsights_sitenote_active":false,"_monsterinsights_sitenote_note":"","_monsterinsights_sitenote_category":0,"_uf_show_specific_survey":0,"_uf_disable_surveys":false,"_ti_tpc_template_sync":false,"_ti_tpc_template_id":"","footnotes":""},"class_list":["post-290","page","type-page","status-publish","hentry"],"aioseo_notices":[],"_links":{"self":[{"href":"https:\/\/pampadata.com\/en\/wp-json\/wp\/v2\/pages\/290"}],"collection":[{"href":"https:\/\/pampadata.com\/en\/wp-json\/wp\/v2\/pages"}],"about":[{"href":"https:\/\/pampadata.com\/en\/wp-json\/wp\/v2\/types\/page"}],"author":[{"embeddable":true,"href":"https:\/\/pampadata.com\/en\/wp-json\/wp\/v2\/users\/1"}],"replies":[{"embeddable":true,"href":"https:\/\/pampadata.com\/en\/wp-json\/wp\/v2\/comments?post=290"}],"version-history":[{"count":2,"href":"https:\/\/pampadata.com\/en\/wp-json\/wp\/v2\/pages\/290\/revisions"}],"predecessor-version":[{"id":293,"href":"https:\/\/pampadata.com\/en\/wp-json\/wp\/v2\/pages\/290\/revisions\/293"}],"wp:attachment":[{"href":"https:\/\/pampadata.com\/en\/wp-json\/wp\/v2\/media?parent=290"}],"curies":[{"name":"wp","href":"https:\/\/api.w.org\/{rel}","templated":true}]}}