{"id":360,"date":"2024-05-17T12:14:49","date_gmt":"2024-05-17T10:14:49","guid":{"rendered":"https:\/\/pampadata.com\/?page_id=360"},"modified":"2024-05-17T12:59:45","modified_gmt":"2024-05-17T10:59:45","slug":"servicios","status":"publish","type":"page","link":"https:\/\/pampadata.com\/en\/servicios\/","title":{"rendered":"Services"},"content":{"rendered":"<div style=\"height:80px\" aria-hidden=\"true\" class=\"wp-block-spacer\"><\/div>\n\n\n\n<h5 class=\"wp-block-heading\">We are specialists in the fields of Business Intelligence, Data Analytics, and Big Data, with a specialized focus on Microsoft technologies. We work from data management and storage to data visualization, and we are here to help you make information-based decisions that drive the growth of your business. <br>Trust us to take your operations to the next level with our cutting-edge solutions and deep knowledge of Microsoft technologies.<\/h5>\n\n\n\n<div style=\"height:100px\" aria-hidden=\"true\" class=\"wp-block-spacer\"><\/div>\n\n\n\n<div class=\"wp-block-columns is-layout-flex wp-container-core-columns-is-layout-1 wp-block-columns-is-layout-flex\">\n<div class=\"wp-block-column is-layout-flow wp-block-column-is-layout-flow\" style=\"flex-basis:50%\">\n<figure class=\"wp-block-image size-full\"><img loading=\"lazy\" decoding=\"async\" width=\"194\" height=\"259\" src=\"http:\/\/pampadata.com\/wp-content\/uploads\/2024\/05\/Power-BI.jpeg\" alt=\"\" class=\"wp-image-353\" srcset=\"https:\/\/pampadata.com\/wp-content\/uploads\/2024\/05\/Power-BI.jpeg 194w, https:\/\/pampadata.com\/wp-content\/uploads\/2024\/05\/Power-BI-9x12.jpeg 9w\" sizes=\"(max-width: 194px) 100vw, 194px\" \/><\/figure>\n<\/div>\n\n\n\n<div class=\"wp-block-column is-vertically-aligned-center is-layout-flow wp-block-column-is-layout-flow\" style=\"flex-basis:50%\">\n<h2 class=\"wp-block-heading\">Power BI<\/h2>\n\n\n\n<p>Power BI is Microsoft's leading platform in Business Intelligence and Data Analytics. With it, we can transform your data into interactive and meaningful visualizations that will help you gain a deep understanding of your business. From custom dashboards to detailed reports tailored to the specific needs of your company<\/p>\n\n\n\n<div class=\"wp-block-buttons is-layout-flex wp-block-buttons-is-layout-flex\">\n<div class=\"wp-block-button is-style-secondary\"><a class=\"wp-block-button__link wp-element-button\">More Information<\/a><\/div>\n<\/div>\n<\/div>\n<\/div>\n\n\n\n<div style=\"height:50px\" aria-hidden=\"true\" class=\"wp-block-spacer\"><\/div>\n\n\n\n<div class=\"wp-block-columns is-layout-flex wp-container-core-columns-is-layout-2 wp-block-columns-is-layout-flex\">\n<div class=\"wp-block-column is-vertically-aligned-center is-layout-flow wp-block-column-is-layout-flow\" style=\"flex-basis:50%\">\n<h2 class=\"wp-block-heading\">Fabric<\/h2>\n\n\n\n<p>Elevate your organization's potential by implementing all-in-one solutions for Business Intelligence, Big Data, and Data Analytics with Fabric, covering everything from data movement and transformation to final utilization.<br>Streamline the entire data flow with its powerful integration with Power BI, Azure Synapse, and Azure Data Factory in a single integrated environment, enabling centralized and simpler management.<\/p>\n\n\n\n<div class=\"wp-block-buttons is-layout-flex wp-block-buttons-is-layout-flex\">\n<div class=\"wp-block-button is-style-secondary\"><a class=\"wp-block-button__link wp-element-button\">More Information<\/a><\/div>\n<\/div>\n<\/div>\n\n\n\n<div class=\"wp-block-column is-layout-flow wp-block-column-is-layout-flow\" style=\"flex-basis:50%\">\n<figure class=\"wp-block-image size-large\"><img loading=\"lazy\" decoding=\"async\" width=\"1024\" height=\"538\" src=\"https:\/\/pampadata.com\/wp-content\/uploads\/2024\/05\/MS-Fabric-1024x538.png\" alt=\"\" class=\"wp-image-368\" srcset=\"https:\/\/pampadata.com\/wp-content\/uploads\/2024\/05\/MS-Fabric-1024x538.png 1024w, https:\/\/pampadata.com\/wp-content\/uploads\/2024\/05\/MS-Fabric-300x158.png 300w, https:\/\/pampadata.com\/wp-content\/uploads\/2024\/05\/MS-Fabric-768x403.png 768w, https:\/\/pampadata.com\/wp-content\/uploads\/2024\/05\/MS-Fabric-18x9.png 18w, https:\/\/pampadata.com\/wp-content\/uploads\/2024\/05\/MS-Fabric.png 1200w\" sizes=\"(max-width: 1024px) 100vw, 1024px\" \/><\/figure>\n<\/div>\n<\/div>\n\n\n\n<div style=\"height:80px\" aria-hidden=\"true\" class=\"wp-block-spacer\"><\/div>\n\n\n\n<div class=\"wp-block-columns is-layout-flex wp-container-core-columns-is-layout-3 wp-block-columns-is-layout-flex\">\n<div class=\"wp-block-column is-layout-flow wp-block-column-is-layout-flow\">\n<figure class=\"wp-block-image size-full\"><img loading=\"lazy\" decoding=\"async\" width=\"464\" height=\"464\" src=\"https:\/\/pampadata.com\/wp-content\/uploads\/2024\/05\/Power-Apps-2.png\" alt=\"\" class=\"wp-image-377\" srcset=\"https:\/\/pampadata.com\/wp-content\/uploads\/2024\/05\/Power-Apps-2.png 464w, https:\/\/pampadata.com\/wp-content\/uploads\/2024\/05\/Power-Apps-2-300x300.png 300w, https:\/\/pampadata.com\/wp-content\/uploads\/2024\/05\/Power-Apps-2-150x150.png 150w, https:\/\/pampadata.com\/wp-content\/uploads\/2024\/05\/Power-Apps-2-12x12.png 12w\" sizes=\"(max-width: 464px) 100vw, 464px\" \/><\/figure>\n<\/div>\n\n\n\n<div class=\"wp-block-column is-layout-flow wp-block-column-is-layout-flow\">\n<div class=\"wp-block-group is-nowrap is-layout-flex wp-container-core-group-is-layout-1 wp-block-group-is-layout-flex\">\n<h2 class=\"wp-block-heading\">Power Apps<\/h2>\n<\/div>\n\n\n\n<div class=\"wp-block-group is-nowrap is-layout-flex wp-container-core-group-is-layout-2 wp-block-group-is-layout-flex\">\n<p>Power Apps, Microsoft's leading application development platform, allows you to create custom applications quickly and easily. With it, we can develop tailored solutions that perfectly fit the specific processes and needs of your company.<\/p>\n<\/div>\n\n\n\n<div class=\"wp-block-group is-nowrap is-layout-flex wp-container-core-group-is-layout-3 wp-block-group-is-layout-flex\">\n<div class=\"wp-block-buttons is-layout-flex wp-block-buttons-is-layout-flex\">\n<div class=\"wp-block-button\"><a class=\"wp-block-button__link wp-element-button\">More Information<\/a><\/div>\n<\/div>\n<\/div>\n<\/div>\n<\/div>\n\n\n\n<div class=\"wp-block-cover alignfull is-light\"><span aria-hidden=\"true\" class=\"wp-block-cover__background has-nv-light-bg-background-color has-background-dim-100 has-background-dim\"><\/span><div class=\"wp-block-cover__inner-container is-layout-flow wp-block-cover-is-layout-flow\">\n<div style=\"height:80px\" aria-hidden=\"true\" class=\"wp-block-spacer\"><\/div>\n\n\n\n<div class=\"wp-block-columns has-neve-text-color-color has-text-color is-layout-flex wp-container-core-columns-is-layout-4 wp-block-columns-is-layout-flex\">\n<div class=\"wp-block-column is-layout-flow wp-block-column-is-layout-flow\" style=\"flex-basis:15%\"><\/div>\n\n\n\n<div class=\"wp-block-column is-layout-flow wp-block-column-is-layout-flow\" style=\"flex-basis:15%\"><\/div>\n<\/div>\n\n\n\n<div style=\"height:80px\" aria-hidden=\"true\" class=\"wp-block-spacer\"><\/div>\n<\/div><\/div>","protected":false},"excerpt":{"rendered":"<p>Somos especialistas en el campo de Business Intelligence, Data Analytics y Big Data, con un enfoque especializado en tecnolog\u00edas Microsoft. Trabajamos desde la gesti\u00f3n y almacenamiento de los datos hasta la visualizaci\u00f3n de los mismos y estamos aqu\u00ed para ayudarte a tomar decisiones basadas en informaci\u00f3n que impulsen el crecimiento [&hellip;]<\/p>","protected":false},"author":1,"featured_media":0,"parent":0,"menu_order":0,"comment_status":"closed","ping_status":"closed","template":"","meta":{"om_disable_all_campaigns":false,"_monsterinsights_skip_tracking":false,"_monsterinsights_sitenote_active":false,"_monsterinsights_sitenote_note":"","_monsterinsights_sitenote_category":0,"_uf_show_specific_survey":0,"_uf_disable_surveys":false,"_ti_tpc_template_sync":false,"_ti_tpc_template_id":"","footnotes":""},"class_list":["post-360","page","type-page","status-publish","hentry"],"aioseo_notices":[],"_links":{"self":[{"href":"https:\/\/pampadata.com\/en\/wp-json\/wp\/v2\/pages\/360"}],"collection":[{"href":"https:\/\/pampadata.com\/en\/wp-json\/wp\/v2\/pages"}],"about":[{"href":"https:\/\/pampadata.com\/en\/wp-json\/wp\/v2\/types\/page"}],"author":[{"embeddable":true,"href":"https:\/\/pampadata.com\/en\/wp-json\/wp\/v2\/users\/1"}],"replies":[{"embeddable":true,"href":"https:\/\/pampadata.com\/en\/wp-json\/wp\/v2\/comments?post=360"}],"version-history":[{"count":10,"href":"https:\/\/pampadata.com\/en\/wp-json\/wp\/v2\/pages\/360\/revisions"}],"predecessor-version":[{"id":441,"href":"https:\/\/pampadata.com\/en\/wp-json\/wp\/v2\/pages\/360\/revisions\/441"}],"wp:attachment":[{"href":"https:\/\/pampadata.com\/en\/wp-json\/wp\/v2\/media?parent=360"}],"curies":[{"name":"wp","href":"https:\/\/api.w.org\/{rel}","templated":true}]}}